{"id":312,"date":"2022-06-15T09:23:03","date_gmt":"2022-06-15T09:23:03","guid":{"rendered":"https:\/\/finques-nostrallar.com\/?page_id=312"},"modified":"2026-01-28T15:02:23","modified_gmt":"2026-01-28T15:02:23","slug":"contacto","status":"publish","type":"page","link":"https:\/\/finques-nostrallar.com\/ca\/contacto\/","title":{"rendered":"Contacte"},"content":{"rendered":"\t\t<div data-elementor-type=\"wp-page\" data-elementor-id=\"312\" class=\"elementor elementor-312\" data-elementor-post-type=\"page\">\n\t\t\t\t\t\t<section class=\"elementor-section elementor-top-section elementor-element elementor-element-629e8eb elementor-section-boxed elementor-section-height-default elementor-section-height-default\" data-id=\"629e8eb\" data-element_type=\"section\" data-e-type=\"section\">\n\t\t\t\t\t\t<div class=\"elementor-container elementor-column-gap-default\">\n\t\t\t\t\t<div class=\"elementor-column elementor-col-50 elementor-top-column elementor-element elementor-element-ee84eb1\" data-id=\"ee84eb1\" data-element_type=\"column\" data-e-type=\"column\">\n\t\t\t<div class=\"elementor-widget-wrap elementor-element-populated\">\n\t\t\t\t\t\t<div class=\"elementor-element elementor-element-e32cde0 elementor-widget elementor-widget-heading\" data-id=\"e32cde0\" data-element_type=\"widget\" data-e-type=\"widget\" data-widget_type=\"heading.default\">\n\t\t\t\t<div class=\"elementor-widget-container\">\n\t\t\t\t\t<p class=\"elementor-heading-title elementor-size-default\">Contacta con nosotros<\/p>\t\t\t\t<\/div>\n\t\t\t\t<\/div>\n\t\t\t\t<div class=\"elementor-element elementor-element-2cb1e1a elementor-button-align-stretch elementor-widget elementor-widget-form\" data-id=\"2cb1e1a\" data-element_type=\"widget\" data-e-type=\"widget\" data-settings=\"{&quot;step_next_label&quot;:&quot;Next&quot;,&quot;step_previous_label&quot;:&quot;Previous&quot;,&quot;button_width&quot;:&quot;100&quot;,&quot;step_type&quot;:&quot;number_text&quot;,&quot;step_icon_shape&quot;:&quot;circle&quot;}\" data-widget_type=\"form.default\">\n\t\t\t\t<div class=\"elementor-widget-container\">\n\t\t\t\t\t\t\t<form class=\"elementor-form\" method=\"post\" name=\"Formulario de contacto\" aria-label=\"Formulario de contacto\">\n\t\t\t<input type=\"hidden\" name=\"post_id\" value=\"312\"\/>\n\t\t\t<input type=\"hidden\" name=\"form_id\" value=\"2cb1e1a\"\/>\n\t\t\t<input type=\"hidden\" name=\"referer_title\" value=\"Finques Nostra Llar\" \/>\n\n\t\t\t\n\t\t\t<div class=\"elementor-form-fields-wrapper elementor-labels-\">\n\t\t\t\t\t\t\t\t<div class=\"elementor-field-type-text elementor-field-group elementor-column elementor-field-group-name elementor-col-100\">\n\t\t\t\t\t\t\t\t\t\t\t\t\t<input size=\"1\" type=\"text\" name=\"form_fields[name]\" id=\"form-field-name\" class=\"elementor-field elementor-size-sm  elementor-field-textual\" placeholder=\"Tu nombre\">\n\t\t\t\t\t\t\t\t\t\t\t<\/div>\n\t\t\t\t\t\t\t\t<div class=\"elementor-field-type-email elementor-field-group elementor-column elementor-field-group-email elementor-col-100 elementor-field-required\">\n\t\t\t\t\t\t\t\t\t\t\t\t\t<input size=\"1\" type=\"email\" name=\"form_fields[email]\" id=\"form-field-email\" class=\"elementor-field elementor-size-sm  elementor-field-textual\" placeholder=\"Tu Correo Electr\u00f3nico\" required=\"required\">\n\t\t\t\t\t\t\t\t\t\t\t<\/div>\n\t\t\t\t\t\t\t\t<div class=\"elementor-field-type-tel elementor-field-group elementor-column elementor-field-group-message elementor-col-100\">\n\t\t\t\t\t\t\t<input size=\"1\" type=\"tel\" name=\"form_fields[message]\" id=\"form-field-message\" class=\"elementor-field elementor-size-sm  elementor-field-textual\" placeholder=\"Tu n\u00famero\" pattern=\"[0-9()#&amp;+*-=.]+\" title=\"Only numbers and phone characters (#, -, *, etc) are accepted.\">\n\n\t\t\t\t\t\t<\/div>\n\t\t\t\t\t\t\t\t<div class=\"elementor-field-type-textarea elementor-field-group elementor-column elementor-field-group-field_f58739b elementor-col-100\">\n\t\t\t\t\t<textarea class=\"elementor-field-textual elementor-field  elementor-size-sm\" name=\"form_fields[field_f58739b]\" id=\"form-field-field_f58739b\" rows=\"4\" placeholder=\"Cu\u00e9ntanos sobre la propiedad que deseas\"><\/textarea>\t\t\t\t<\/div>\n\t\t\t\t\t\t\t\t<div class=\"elementor-field-type-acceptance elementor-field-group elementor-column elementor-field-group-field_6714e72 elementor-col-100 elementor-field-required\">\n\t\t\t\t\t\t\t<div class=\"elementor-field-subgroup\">\n\t\t\t<span class=\"elementor-field-option\">\n\t\t\t\t<input type=\"checkbox\" name=\"form_fields[field_6714e72]\" id=\"form-field-field_6714e72\" class=\"elementor-field elementor-size-sm  elementor-acceptance-field\" required=\"required\">\n\t\t\t\t<label for=\"form-field-field_6714e72\">He le\u00eddo y acepto el <a href=\"https:\/\/finques-nostrallar.com\/aviso-legal\/\">Aviso Legal<\/a> y la <a href=\"https:\/\/finques-nostrallar.com\/politica-de-privacidad\/\">Pol\u00edtica de privacidad<\/a><\/label>\t\t\t<\/span>\n\t\t<\/div>\n\t\t\t\t\t\t<\/div>\n\t\t\t\t\t\t\t\t<div class=\"elementor-field-type-recaptcha_v3 elementor-field-group elementor-column elementor-field-group-field_8dbd843 elementor-col-100 recaptcha_v3-bottomright\">\n\t\t\t\t\t<div class=\"elementor-field\" id=\"form-field-field_8dbd843\"><div class=\"elementor-g-recaptcha\" data-sitekey=\"6Lf85yEfAAAAAKrdtI5zBUxlinfSe6FKZ4jCCLqv\" data-type=\"v3\" data-action=\"Form\" data-badge=\"bottomright\" data-size=\"invisible\"><\/div><\/div>\t\t\t\t<\/div>\n\t\t\t\t\t\t\t\t<div class=\"elementor-field-type-text\">\n\t\t\t\t\t<input size=\"1\" type=\"text\" name=\"form_fields[field_1eca141]\" id=\"form-field-field_1eca141\" class=\"elementor-field elementor-size-sm \" style=\"display:none !important;\">\t\t\t\t<\/div>\n\t\t\t\t\t\t\t\t<div class=\"elementor-field-group elementor-column elementor-field-type-submit elementor-col-100 e-form__buttons\">\n\t\t\t\t\t<button class=\"elementor-button elementor-size-sm\" type=\"submit\">\n\t\t\t\t\t\t<span class=\"elementor-button-content-wrapper\">\n\t\t\t\t\t\t\t\t\t\t\t\t\t\t\t\t\t\t\t\t\t\t<span class=\"elementor-button-text\">Enviar<\/span>\n\t\t\t\t\t\t\t\t\t\t\t\t\t<\/span>\n\t\t\t\t\t<\/button>\n\t\t\t\t<\/div>\n\t\t\t<\/div>\n\t\t<\/form>\n\t\t\t\t\t\t<\/div>\n\t\t\t\t<\/div>\n\t\t\t\t\t<\/div>\n\t\t<\/div>\n\t\t\t\t<div class=\"elementor-column elementor-col-50 elementor-top-column elementor-element elementor-element-a2c8297\" data-id=\"a2c8297\" data-element_type=\"column\" data-e-type=\"column\">\n\t\t\t<div class=\"elementor-widget-wrap elementor-element-populated\">\n\t\t\t\t\t\t<div class=\"elementor-element elementor-element-2a6fada elementor-position-inline-start elementor-mobile-position-inline-start elementor-view-default elementor-widget elementor-widget-icon-box\" data-id=\"2a6fada\" data-element_type=\"widget\" data-e-type=\"widget\" data-widget_type=\"icon-box.default\">\n\t\t\t\t<div class=\"elementor-widget-container\">\n\t\t\t\t\t\t\t<div class=\"elementor-icon-box-wrapper\">\n\n\t\t\t\t\t\t<div class=\"elementor-icon-box-icon\">\n\t\t\t\t<a href=\"tel:%20937%20246%20041\" class=\"elementor-icon\" tabindex=\"-1\" aria-label=\"Tel\u00e9fono\">\n\t\t\t\t<i aria-hidden=\"true\" class=\"fas fa-phone-volume\"><\/i>\t\t\t\t<\/a>\n\t\t\t<\/div>\n\t\t\t\n\t\t\t\t\t\t<div class=\"elementor-icon-box-content\">\n\n\t\t\t\t\t\t\t\t\t<h3 class=\"elementor-icon-box-title\">\n\t\t\t\t\t\t<a href=\"tel:%20937%20246%20041\" >\n\t\t\t\t\t\t\tTel\u00e9fono\t\t\t\t\t\t<\/a>\n\t\t\t\t\t<\/h3>\n\t\t\t\t\n\t\t\t\t\t\t\t\t\t<p class=\"elementor-icon-box-description\">\n\t\t\t\t\t\t937 246 041\t\t\t\t\t<\/p>\n\t\t\t\t\n\t\t\t<\/div>\n\t\t\t\n\t\t<\/div>\n\t\t\t\t\t\t<\/div>\n\t\t\t\t<\/div>\n\t\t\t\t<div class=\"elementor-element elementor-element-464c1b7 elementor-position-inline-start elementor-mobile-position-inline-start elementor-view-default elementor-widget elementor-widget-icon-box\" data-id=\"464c1b7\" data-element_type=\"widget\" data-e-type=\"widget\" data-widget_type=\"icon-box.default\">\n\t\t\t\t<div class=\"elementor-widget-container\">\n\t\t\t\t\t\t\t<div class=\"elementor-icon-box-wrapper\">\n\n\t\t\t\t\t\t<div class=\"elementor-icon-box-icon\">\n\t\t\t\t<a href=\"tel:%20600%20533%20832\" class=\"elementor-icon\" tabindex=\"-1\" aria-label=\"M\u00f3vil\">\n\t\t\t\t<i aria-hidden=\"true\" class=\"fas fa-mobile-alt\"><\/i>\t\t\t\t<\/a>\n\t\t\t<\/div>\n\t\t\t\n\t\t\t\t\t\t<div class=\"elementor-icon-box-content\">\n\n\t\t\t\t\t\t\t\t\t<h3 class=\"elementor-icon-box-title\">\n\t\t\t\t\t\t<a href=\"tel:%20600%20533%20832\" >\n\t\t\t\t\t\t\tM\u00f3vil\t\t\t\t\t\t<\/a>\n\t\t\t\t\t<\/h3>\n\t\t\t\t\n\t\t\t\t\t\t\t\t\t<p class=\"elementor-icon-box-description\">\n\t\t\t\t\t\t600 533 832\t\t\t\t\t<\/p>\n\t\t\t\t\n\t\t\t<\/div>\n\t\t\t\n\t\t<\/div>\n\t\t\t\t\t\t<\/div>\n\t\t\t\t<\/div>\n\t\t\t\t<div class=\"elementor-element elementor-element-04978c1 elementor-position-inline-start elementor-mobile-position-inline-start elementor-view-default elementor-widget elementor-widget-icon-box\" data-id=\"04978c1\" data-element_type=\"widget\" data-e-type=\"widget\" data-widget_type=\"icon-box.default\">\n\t\t\t\t<div class=\"elementor-widget-container\">\n\t\t\t\t\t\t\t<div class=\"elementor-icon-box-wrapper\">\n\n\t\t\t\t\t\t<div class=\"elementor-icon-box-icon\">\n\t\t\t\t<a href=\"mailto:%20info@finques-nostrallar.com\" class=\"elementor-icon\" tabindex=\"-1\" aria-label=\"Correo electr\u00f3nico\">\n\t\t\t\t<i aria-hidden=\"true\" class=\"fas fa-envelope\"><\/i>\t\t\t\t<\/a>\n\t\t\t<\/div>\n\t\t\t\n\t\t\t\t\t\t<div class=\"elementor-icon-box-content\">\n\n\t\t\t\t\t\t\t\t\t<h3 class=\"elementor-icon-box-title\">\n\t\t\t\t\t\t<a href=\"mailto:%20info@finques-nostrallar.com\" >\n\t\t\t\t\t\t\tCorreo electr\u00f3nico\t\t\t\t\t\t<\/a>\n\t\t\t\t\t<\/h3>\n\t\t\t\t\n\t\t\t\t\t\t\t\t\t<p class=\"elementor-icon-box-description\">\n\t\t\t\t\t\tinfo@finques-nostrallar.com\t\t\t\t\t<\/p>\n\t\t\t\t\n\t\t\t<\/div>\n\t\t\t\n\t\t<\/div>\n\t\t\t\t\t\t<\/div>\n\t\t\t\t<\/div>\n\t\t\t\t<div class=\"elementor-element elementor-element-50b7d51 elementor-position-inline-start elementor-mobile-position-inline-start elementor-view-default elementor-widget elementor-widget-icon-box\" data-id=\"50b7d51\" data-element_type=\"widget\" data-e-type=\"widget\" data-widget_type=\"icon-box.default\">\n\t\t\t\t<div class=\"elementor-widget-container\">\n\t\t\t\t\t\t\t<div class=\"elementor-icon-box-wrapper\">\n\n\t\t\t\t\t\t<div class=\"elementor-icon-box-icon\">\n\t\t\t\t<a href=\"https:\/\/www.google.com\/maps\/dir\/\/finques+nostra+llar\/data=!4m6!4m5!1m1!4e2!1m2!1m1!1s0x12a4944d7cb1e753:0xc6e6e5996c5be358?sa=X&#038;ved=2ahUKEwi4w-y_kq_4AhXIk_0HHWvvDI0Q9Rd6BAhJEAU\" class=\"elementor-icon\" tabindex=\"-1\" aria-label=\"Horario\">\n\t\t\t\t<i aria-hidden=\"true\" class=\"fas fa-clock\"><\/i>\t\t\t\t<\/a>\n\t\t\t<\/div>\n\t\t\t\n\t\t\t\t\t\t<div class=\"elementor-icon-box-content\">\n\n\t\t\t\t\t\t\t\t\t<h3 class=\"elementor-icon-box-title\">\n\t\t\t\t\t\t<a href=\"https:\/\/www.google.com\/maps\/dir\/\/finques+nostra+llar\/data=!4m6!4m5!1m1!4e2!1m2!1m1!1s0x12a4944d7cb1e753:0xc6e6e5996c5be358?sa=X&#038;ved=2ahUKEwi4w-y_kq_4AhXIk_0HHWvvDI0Q9Rd6BAhJEAU\" >\n\t\t\t\t\t\t\tHorario\t\t\t\t\t\t<\/a>\n\t\t\t\t\t<\/h3>\n\t\t\t\t\n\t\t\t\t\t\t\t\t\t<p class=\"elementor-icon-box-description\">\n\t\t\t\t\t\t<B>DE LUNES A JUEVES <br><\/B>\nMa\u00f1anas de 9:30h a 14:00h<br>\nTardes de 16h a 19:30h<br>\n\n<B>VIERNES<br> <\/B>\nMa\u00f1anas de 9:30h a 13:30h <BR>\nTardes de15:00h A 19:00h\t\t\t\t\t<\/p>\n\t\t\t\t\n\t\t\t<\/div>\n\t\t\t\n\t\t<\/div>\n\t\t\t\t\t\t<\/div>\n\t\t\t\t<\/div>\n\t\t\t\t\t<\/div>\n\t\t<\/div>\n\t\t\t\t\t<\/div>\n\t\t<\/section>\n\t\t\t\t<section class=\"elementor-section elementor-top-section elementor-element elementor-element-748d0d0 elementor-section-boxed elementor-section-height-default elementor-section-height-default\" data-id=\"748d0d0\" data-element_type=\"section\" data-e-type=\"section\">\n\t\t\t\t\t\t<div class=\"elementor-container elementor-column-gap-default\">\n\t\t\t\t\t<div class=\"elementor-column elementor-col-100 elementor-top-column elementor-element elementor-element-8b10c8e\" data-id=\"8b10c8e\" data-element_type=\"column\" data-e-type=\"column\">\n\t\t\t<div class=\"elementor-widget-wrap elementor-element-populated\">\n\t\t\t\t\t\t<div class=\"elementor-element elementor-element-a80b265 elementor-widget elementor-widget-google_maps\" data-id=\"a80b265\" data-element_type=\"widget\" data-e-type=\"widget\" data-widget_type=\"google_maps.default\">\n\t\t\t\t<div class=\"elementor-widget-container\">\n\t\t\t\t\t\t\t<div class=\"elementor-custom-embed\">\n\t\t\t<iframe loading=\"lazy\"\n\t\t\t\t\tsrc=\"https:\/\/maps.google.com\/maps?q=finques%20nostra%20llar%20sabadell&#038;t=m&#038;z=10&#038;output=embed&#038;iwloc=near\"\n\t\t\t\t\ttitle=\"finques nostra llar sabadell\"\n\t\t\t\t\taria-label=\"finques nostra llar sabadell\"\n\t\t\t><\/iframe>\n\t\t<\/div>\n\t\t\t\t\t\t<\/div>\n\t\t\t\t<\/div>\n\t\t\t\t\t<\/div>\n\t\t<\/div>\n\t\t\t\t\t<\/div>\n\t\t<\/section>\n\t\t\t\t<\/div>\n\t\t","protected":false},"excerpt":{"rendered":"<p>Contacta con nosotros Tel\u00e9fono 937 246 041 M\u00f3vil 600 533 832 Correo electr\u00f3nico info@finques-nostrallar.com Horario DE LUNES A JUEVES Ma\u00f1anas de 9:30h a 14:00h Tardes de 16h a 19:30h VIERNES Ma\u00f1anas de 9:30h a 13:30h Tardes de15:00h A 19:00h<\/p>","protected":false},"author":1,"featured_media":0,"parent":0,"menu_order":0,"comment_status":"closed","ping_status":"closed","template":"","meta":{"_acf_changed":false,"footnotes":""},"class_list":["post-312","page","type-page","status-publish","hentry"],"acf":[],"yoast_head":"<!-- This site is optimized with the Yoast SEO plugin v27.2 - https:\/\/yoast.com\/product\/yoast-seo-wordpress\/ -->\n<title>Contacto - Finques Nostra Llar<\/title>\n<meta name=\"robots\" content=\"index, follow, max-snippet:-1, max-image-preview:large, max-video-preview:-1\" \/>\n<link rel=\"canonical\" href=\"https:\/\/finques-nostrallar.com\/ca\/contacto\/\" \/>\n<meta property=\"og:locale\" content=\"ca_ES\" \/>\n<meta property=\"og:type\" content=\"article\" \/>\n<meta property=\"og:title\" content=\"Contacto - Finques Nostra Llar\" \/>\n<meta property=\"og:description\" content=\"Contacta con nosotros Tel\u00e9fono 937 246 041 M\u00f3vil 600 533 832 Correo electr\u00f3nico info@finques-nostrallar.com Horario DE LUNES A JUEVES Ma\u00f1anas de 9:30h a 14:00h Tardes de 16h a 19:30h VIERNES Ma\u00f1anas de 9:30h a 13:30h Tardes de15:00h A 19:00h\" \/>\n<meta property=\"og:url\" content=\"https:\/\/finques-nostrallar.com\/ca\/contacto\/\" \/>\n<meta property=\"og:site_name\" content=\"Finques Nostra Llar\" \/>\n<meta property=\"article:modified_time\" content=\"2026-01-28T15:02:23+00:00\" \/>\n<meta name=\"twitter:card\" content=\"summary_large_image\" \/>\n<meta name=\"twitter:label1\" content=\"Temps estimat de lectura\" \/>\n\t<meta name=\"twitter:data1\" content=\"1 minut\" \/>\n<script type=\"application\/ld+json\" class=\"yoast-schema-graph\">{\"@context\":\"https:\/\/schema.org\",\"@graph\":[{\"@type\":\"WebPage\",\"@id\":\"https:\/\/finques-nostrallar.com\/contacto\/\",\"url\":\"https:\/\/finques-nostrallar.com\/contacto\/\",\"name\":\"Contacto - Finques Nostra Llar\",\"isPartOf\":{\"@id\":\"https:\/\/finques-nostrallar.com\/#website\"},\"datePublished\":\"2022-06-15T09:23:03+00:00\",\"dateModified\":\"2026-01-28T15:02:23+00:00\",\"breadcrumb\":{\"@id\":\"https:\/\/finques-nostrallar.com\/contacto\/#breadcrumb\"},\"inLanguage\":\"ca\",\"potentialAction\":[{\"@type\":\"ReadAction\",\"target\":[\"https:\/\/finques-nostrallar.com\/contacto\/\"]}]},{\"@type\":\"BreadcrumbList\",\"@id\":\"https:\/\/finques-nostrallar.com\/contacto\/#breadcrumb\",\"itemListElement\":[{\"@type\":\"ListItem\",\"position\":1,\"name\":\"Portada\",\"item\":\"https:\/\/finques-nostrallar.com\/\"},{\"@type\":\"ListItem\",\"position\":2,\"name\":\"Contacto\"}]},{\"@type\":\"WebSite\",\"@id\":\"https:\/\/finques-nostrallar.com\/#website\",\"url\":\"https:\/\/finques-nostrallar.com\/\",\"name\":\"Finques Nostra Llar\",\"description\":\"Estrena tu nuevo hogar\",\"publisher\":{\"@id\":\"https:\/\/finques-nostrallar.com\/#organization\"},\"potentialAction\":[{\"@type\":\"SearchAction\",\"target\":{\"@type\":\"EntryPoint\",\"urlTemplate\":\"https:\/\/finques-nostrallar.com\/?s={search_term_string}\"},\"query-input\":{\"@type\":\"PropertyValueSpecification\",\"valueRequired\":true,\"valueName\":\"search_term_string\"}}],\"inLanguage\":\"ca\"},{\"@type\":\"Organization\",\"@id\":\"https:\/\/finques-nostrallar.com\/#organization\",\"name\":\"Finques Nostra Llar\",\"url\":\"https:\/\/finques-nostrallar.com\/\",\"logo\":{\"@type\":\"ImageObject\",\"inLanguage\":\"ca\",\"@id\":\"https:\/\/finques-nostrallar.com\/#\/schema\/logo\/image\/\",\"url\":\"https:\/\/finques-nostrallar.com\/wp-content\/uploads\/2024\/11\/cropped-new-logo-finques.png\",\"contentUrl\":\"https:\/\/finques-nostrallar.com\/wp-content\/uploads\/2024\/11\/cropped-new-logo-finques.png\",\"width\":576,\"height\":110,\"caption\":\"Finques Nostra Llar\"},\"image\":{\"@id\":\"https:\/\/finques-nostrallar.com\/#\/schema\/logo\/image\/\"}}]}<\/script>\n<!-- \/ Yoast SEO plugin. -->","yoast_head_json":{"title":"Contacto - Finques Nostra Llar","robots":{"index":"index","follow":"follow","max-snippet":"max-snippet:-1","max-image-preview":"max-image-preview:large","max-video-preview":"max-video-preview:-1"},"canonical":"https:\/\/finques-nostrallar.com\/ca\/contacto\/","og_locale":"ca_ES","og_type":"article","og_title":"Contacto - Finques Nostra Llar","og_description":"Contacta con nosotros Tel\u00e9fono 937 246 041 M\u00f3vil 600 533 832 Correo electr\u00f3nico info@finques-nostrallar.com Horario DE LUNES A JUEVES Ma\u00f1anas de 9:30h a 14:00h Tardes de 16h a 19:30h VIERNES Ma\u00f1anas de 9:30h a 13:30h Tardes de15:00h A 19:00h","og_url":"https:\/\/finques-nostrallar.com\/ca\/contacto\/","og_site_name":"Finques Nostra Llar","article_modified_time":"2026-01-28T15:02:23+00:00","twitter_card":"summary_large_image","twitter_misc":{"Temps estimat de lectura":"1 minut"},"schema":{"@context":"https:\/\/schema.org","@graph":[{"@type":"WebPage","@id":"https:\/\/finques-nostrallar.com\/contacto\/","url":"https:\/\/finques-nostrallar.com\/contacto\/","name":"Contacto - Finques Nostra Llar","isPartOf":{"@id":"https:\/\/finques-nostrallar.com\/#website"},"datePublished":"2022-06-15T09:23:03+00:00","dateModified":"2026-01-28T15:02:23+00:00","breadcrumb":{"@id":"https:\/\/finques-nostrallar.com\/contacto\/#breadcrumb"},"inLanguage":"ca","potentialAction":[{"@type":"ReadAction","target":["https:\/\/finques-nostrallar.com\/contacto\/"]}]},{"@type":"BreadcrumbList","@id":"https:\/\/finques-nostrallar.com\/contacto\/#breadcrumb","itemListElement":[{"@type":"ListItem","position":1,"name":"Portada","item":"https:\/\/finques-nostrallar.com\/"},{"@type":"ListItem","position":2,"name":"Contacto"}]},{"@type":"WebSite","@id":"https:\/\/finques-nostrallar.com\/#website","url":"https:\/\/finques-nostrallar.com\/","name":"Finques Nostra Llar","description":"Estrena la teva nova llar","publisher":{"@id":"https:\/\/finques-nostrallar.com\/#organization"},"potentialAction":[{"@type":"SearchAction","target":{"@type":"EntryPoint","urlTemplate":"https:\/\/finques-nostrallar.com\/?s={search_term_string}"},"query-input":{"@type":"PropertyValueSpecification","valueRequired":true,"valueName":"search_term_string"}}],"inLanguage":"ca"},{"@type":"Organization","@id":"https:\/\/finques-nostrallar.com\/#organization","name":"Finques Nostra Llar","url":"https:\/\/finques-nostrallar.com\/","logo":{"@type":"ImageObject","inLanguage":"ca","@id":"https:\/\/finques-nostrallar.com\/#\/schema\/logo\/image\/","url":"https:\/\/finques-nostrallar.com\/wp-content\/uploads\/2024\/11\/cropped-new-logo-finques.png","contentUrl":"https:\/\/finques-nostrallar.com\/wp-content\/uploads\/2024\/11\/cropped-new-logo-finques.png","width":576,"height":110,"caption":"Finques Nostra Llar"},"image":{"@id":"https:\/\/finques-nostrallar.com\/#\/schema\/logo\/image\/"}}]}},"_links":{"self":[{"href":"https:\/\/finques-nostrallar.com\/ca\/wp-json\/wp\/v2\/pages\/312","targetHints":{"allow":["GET"]}}],"collection":[{"href":"https:\/\/finques-nostrallar.com\/ca\/wp-json\/wp\/v2\/pages"}],"about":[{"href":"https:\/\/finques-nostrallar.com\/ca\/wp-json\/wp\/v2\/types\/page"}],"author":[{"embeddable":true,"href":"https:\/\/finques-nostrallar.com\/ca\/wp-json\/wp\/v2\/users\/1"}],"replies":[{"embeddable":true,"href":"https:\/\/finques-nostrallar.com\/ca\/wp-json\/wp\/v2\/comments?post=312"}],"version-history":[{"count":3,"href":"https:\/\/finques-nostrallar.com\/ca\/wp-json\/wp\/v2\/pages\/312\/revisions"}],"predecessor-version":[{"id":8097,"href":"https:\/\/finques-nostrallar.com\/ca\/wp-json\/wp\/v2\/pages\/312\/revisions\/8097"}],"wp:attachment":[{"href":"https:\/\/finques-nostrallar.com\/ca\/wp-json\/wp\/v2\/media?parent=312"}],"curies":[{"name":"wp","href":"https:\/\/api.w.org\/{rel}","templated":true}]}}