{"id":307,"date":"2022-06-15T09:20:07","date_gmt":"2022-06-15T09:20:07","guid":{"rendered":"https:\/\/finques-nostrallar.com\/?page_id=307"},"modified":"2022-06-15T09:21:43","modified_gmt":"2022-06-15T09:21:43","slug":"noticias","status":"publish","type":"page","link":"https:\/\/finques-nostrallar.com\/ca\/noticias\/","title":{"rendered":"Not\u00edcies"},"content":{"rendered":"<div data-elementor-type=\"wp-page\" data-elementor-id=\"307\" class=\"elementor elementor-307\" data-elementor-post-type=\"page\">\n\t\t\t\t\t\t<section class=\"elementor-section elementor-top-section elementor-element elementor-element-50ce216 elementor-section-boxed elementor-section-height-default elementor-section-height-default\" data-id=\"50ce216\" data-element_type=\"section\" data-e-type=\"section\">\n\t\t\t\t\t\t<div class=\"elementor-container elementor-column-gap-default\">\n\t\t\t\t\t<div class=\"elementor-column elementor-col-100 elementor-top-column elementor-element elementor-element-bd50074\" data-id=\"bd50074\" data-element_type=\"column\" data-e-type=\"column\">\n\t\t\t<div class=\"elementor-widget-wrap elementor-element-populated\">\n\t\t\t\t\t\t<div class=\"elementor-element elementor-element-bfb3baa elementor-headline--style-rotate elementor-widget elementor-widget-animated-headline\" data-id=\"bfb3baa\" data-element_type=\"widget\" data-e-type=\"widget\" data-settings=\"{&quot;headline_style&quot;:&quot;rotate&quot;,&quot;animation_type&quot;:&quot;blinds&quot;,&quot;rotating_text&quot;:&quot;actualidad&quot;,&quot;loop&quot;:&quot;yes&quot;,&quot;rotate_iteration_delay&quot;:2500}\" data-widget_type=\"animated-headline.default\">\n\t\t\t\t<div class=\"elementor-widget-container\">\n\t\t\t\t\t\t\t<h3 class=\"elementor-headline elementor-headline-animation-type-blinds elementor-headline-letters\">\n\t\t\t\t\t<span class=\"elementor-headline-plain-text elementor-headline-text-wrapper\">Not\u00edcies i <\/span>\n\t\t\t\t<span class=\"elementor-headline-dynamic-wrapper elementor-headline-text-wrapper\">\n\t\t\t\t\t<span class=\"elementor-headline-dynamic-text elementor-headline-text-active\">\n\t\t\t\tactualitat\t\t\t<\/span>\n\t\t\t\t\t\t<\/span>\n\t\t\t\t<\/h3>\n\t\t\t\t\t\t<\/div>\n\t\t\t\t<\/div>\n\t\t\t\t\t<\/div>\n\t\t<\/div>\n\t\t\t\t\t<\/div>\n\t\t<\/section>\n\t\t\t\t<section class=\"elementor-section elementor-top-section elementor-element elementor-element-76f72db elementor-section-boxed elementor-section-height-default elementor-section-height-default\" data-id=\"76f72db\" data-element_type=\"section\" data-e-type=\"section\">\n\t\t\t\t\t\t<div class=\"elementor-container elementor-column-gap-default\">\n\t\t\t\t\t<div class=\"elementor-column elementor-col-100 elementor-top-column elementor-element elementor-element-14bc82e\" data-id=\"14bc82e\" data-element_type=\"column\" data-e-type=\"column\">\n\t\t\t<div class=\"elementor-widget-wrap elementor-element-populated\">\n\t\t\t\t\t\t<div class=\"elementor-element elementor-element-d151cf6 elementor-grid-3 elementor-grid-tablet-2 elementor-grid-mobile-1 elementor-posts--thumbnail-top elementor-card-shadow-yes elementor-posts__hover-gradient elementor-widget elementor-widget-posts\" data-id=\"d151cf6\" data-element_type=\"widget\" data-e-type=\"widget\" data-settings=\"{&quot;cards_columns&quot;:&quot;3&quot;,&quot;cards_columns_tablet&quot;:&quot;2&quot;,&quot;cards_columns_mobile&quot;:&quot;1&quot;,&quot;cards_row_gap&quot;:{&quot;unit&quot;:&quot;px&quot;,&quot;size&quot;:35,&quot;sizes&quot;:[]},&quot;cards_row_gap_tablet&quot;:{&quot;unit&quot;:&quot;px&quot;,&quot;size&quot;:&quot;&quot;,&quot;sizes&quot;:[]},&quot;cards_row_gap_mobile&quot;:{&quot;unit&quot;:&quot;px&quot;,&quot;size&quot;:&quot;&quot;,&quot;sizes&quot;:[]}}\" data-widget_type=\"posts.cards\">\n\t\t\t\t<div class=\"elementor-widget-container\">\n\t\t\t\t\t\t\t<div class=\"elementor-posts-container elementor-posts elementor-posts--skin-cards elementor-grid\" role=\"list\">\n\t\t\t\t<article class=\"elementor-post elementor-grid-item post-88 post type-post status-publish format-standard has-post-thumbnail hentry category-sin-categoria\" role=\"listitem\">\n\t\t\t<div class=\"elementor-post__card\">\n\t\t\t\t<a class=\"elementor-post__thumbnail__link\" href=\"https:\/\/finques-nostrallar.com\/ca\/2022\/06\/14\/las-agencias-podran-abrir-con-normalidad-de-lunes-a-viernes-y-los-fines-de-semana-podran-trabajar-a-puerta-cerrada-sin-atender-al-publico\/\" tabindex=\"-1\" ><div class=\"elementor-post__thumbnail\"><img fetchpriority=\"high\" decoding=\"async\" width=\"300\" height=\"169\" src=\"https:\/\/finques-nostrallar.com\/wp-content\/uploads\/2022\/06\/noticias-covid-1-300x169.jpeg\" class=\"attachment-medium size-medium wp-image-90\" alt=\"\" srcset=\"https:\/\/finques-nostrallar.com\/wp-content\/uploads\/2022\/06\/noticias-covid-1-300x169.jpeg 300w, https:\/\/finques-nostrallar.com\/wp-content\/uploads\/2022\/06\/noticias-covid-1.jpeg 600w\" sizes=\"(max-width: 300px) 100vw, 300px\" \/><\/div><\/a>\n\t\t\t\t<div class=\"elementor-post__text\">\n\t\t\t\t<h3 class=\"elementor-post__title\">\n\t\t\t<a href=\"https:\/\/finques-nostrallar.com\/ca\/2022\/06\/14\/las-agencias-podran-abrir-con-normalidad-de-lunes-a-viernes-y-los-fines-de-semana-podran-trabajar-a-puerta-cerrada-sin-atender-al-publico\/\" >\n\t\t\t\tLes ag\u00e8ncies podran obrir amb normalitat de dilluns a divendres i els caps de setmana podran treballar a porta tancada, sense atendre al p\u00fablic\t\t\t<\/a>\n\t\t<\/h3>\n\t\t\t\t<div class=\"elementor-post__excerpt\">\n\t\t\t<p>Els contagis per coronavirus creixen amb for\u00e7a i el Govern de la Generalitat ha decidit aplicar noves restriccions que ajudin a frenar-los. Aquestes mesures estan contingudes en la<\/p>\n\t\t<\/div>\n\t\t\n\t\t<a class=\"elementor-post__read-more\" href=\"https:\/\/finques-nostrallar.com\/ca\/2022\/06\/14\/las-agencias-podran-abrir-con-normalidad-de-lunes-a-viernes-y-los-fines-de-semana-podran-trabajar-a-puerta-cerrada-sin-atender-al-publico\/\" aria-label=\"Read more about Las agencias podr\u00e1n abrir con normalidad de lunes a viernes y los fines de semana podr\u00e1n trabajar a puerta cerrada, sin atender al p\u00fablico\" tabindex=\"-1\" >\n\t\t\tLLEGIR M\u00c9S \u00bb\t\t<\/a>\n\n\t\t\t\t<\/div>\n\t\t\t\t\t<\/div>\n\t\t<\/article>\n\t\t\t\t<article class=\"elementor-post elementor-grid-item post-82 post type-post status-publish format-standard has-post-thumbnail hentry category-sin-categoria\" role=\"listitem\">\n\t\t\t<div class=\"elementor-post__card\">\n\t\t\t\t<a class=\"elementor-post__thumbnail__link\" href=\"https:\/\/finques-nostrallar.com\/ca\/2022\/06\/14\/las-tendencias-del-mercado-de-la-vivienda-para-2021-segun-instituto-de-valoraciones\/\" tabindex=\"-1\" ><div class=\"elementor-post__thumbnail\"><img decoding=\"async\" width=\"300\" height=\"200\" src=\"https:\/\/finques-nostrallar.com\/wp-content\/uploads\/2022\/06\/noticias-finques-1-300x200.jpeg\" class=\"attachment-medium size-medium wp-image-84\" alt=\"\" srcset=\"https:\/\/finques-nostrallar.com\/wp-content\/uploads\/2022\/06\/noticias-finques-1-300x200.jpeg 300w, https:\/\/finques-nostrallar.com\/wp-content\/uploads\/2022\/06\/noticias-finques-1.jpeg 600w\" sizes=\"(max-width: 300px) 100vw, 300px\" \/><\/div><\/a>\n\t\t\t\t<div class=\"elementor-post__text\">\n\t\t\t\t<h3 class=\"elementor-post__title\">\n\t\t\t<a href=\"https:\/\/finques-nostrallar.com\/ca\/2022\/06\/14\/las-tendencias-del-mercado-de-la-vivienda-para-2021-segun-instituto-de-valoraciones\/\" >\n\t\t\t\tLes tend\u00e8ncies del mercat de l\u2019habitatge per al 2021, segons l\u2019Institut de Valoracions\t\t\t<\/a>\n\t\t<\/h3>\n\t\t\t\t<div class=\"elementor-post__excerpt\">\n\t\t\t<p>El sector immobiliari estar\u00e0 marcat aquest any que comen\u00e7a pels efectes del coronavirus. Les expectatives per al residencial semblen millorar amb l\u2019arribada de la vacuna,<\/p>\n\t\t<\/div>\n\t\t\n\t\t<a class=\"elementor-post__read-more\" href=\"https:\/\/finques-nostrallar.com\/ca\/2022\/06\/14\/las-tendencias-del-mercado-de-la-vivienda-para-2021-segun-instituto-de-valoraciones\/\" aria-label=\"Read more about Las tendencias del mercado de la vivienda para 2021, seg\u00fan Instituto de Valoraciones\" tabindex=\"-1\" >\n\t\t\tLLEGIR M\u00c9S \u00bb\t\t<\/a>\n\n\t\t\t\t<\/div>\n\t\t\t\t\t<\/div>\n\t\t<\/article>\n\t\t\t\t<article class=\"elementor-post elementor-grid-item post-72 post type-post status-publish format-standard has-post-thumbnail hentry category-sin-categoria\" role=\"listitem\">\n\t\t\t<div class=\"elementor-post__card\">\n\t\t\t\t<a class=\"elementor-post__thumbnail__link\" href=\"https:\/\/finques-nostrallar.com\/ca\/2022\/06\/14\/los-contratos-de-alquiler-ya-no-pueden-subir-las-rentas-en-barcelona-y-otras-59-ciudades-catalanas\/\" tabindex=\"-1\" ><div class=\"elementor-post__thumbnail\"><img decoding=\"async\" width=\"300\" height=\"200\" src=\"https:\/\/finques-nostrallar.com\/wp-content\/uploads\/2022\/06\/contrato-noticias-300x200.jpeg\" class=\"attachment-medium size-medium wp-image-75\" alt=\"\" srcset=\"https:\/\/finques-nostrallar.com\/wp-content\/uploads\/2022\/06\/contrato-noticias-300x200.jpeg 300w, https:\/\/finques-nostrallar.com\/wp-content\/uploads\/2022\/06\/contrato-noticias.jpeg 600w\" sizes=\"(max-width: 300px) 100vw, 300px\" \/><\/div><\/a>\n\t\t\t\t<div class=\"elementor-post__text\">\n\t\t\t\t<h3 class=\"elementor-post__title\">\n\t\t\t<a href=\"https:\/\/finques-nostrallar.com\/ca\/2022\/06\/14\/los-contratos-de-alquiler-ya-no-pueden-subir-las-rentas-en-barcelona-y-otras-59-ciudades-catalanas\/\" >\n\t\t\t\tEls contractes de lloguer ja no poden pujar les rendes a Barcelona i 59 ciutats catalanes m\u00e9s\t\t\t<\/a>\n\t\t<\/h3>\n\t\t\t\t<div class=\"elementor-post__excerpt\">\n\t\t\t<p>LLEI 11\/2020, de 18 de setembre, de mesures urgents en mat\u00e8ria de contenci\u00f3 de rendes als contractes d\u2019arrendament d\u2019habitatge i de modificaci\u00f3 de la Llei<\/p>\n\t\t<\/div>\n\t\t\n\t\t<a class=\"elementor-post__read-more\" href=\"https:\/\/finques-nostrallar.com\/ca\/2022\/06\/14\/los-contratos-de-alquiler-ya-no-pueden-subir-las-rentas-en-barcelona-y-otras-59-ciudades-catalanas\/\" aria-label=\"Read more about Los contratos de alquiler ya no pueden subir las rentas en Barcelona y otras 59 ciudades catalanas\" tabindex=\"-1\" >\n\t\t\tLLEGIR M\u00c9S \u00bb\t\t<\/a>\n\n\t\t\t\t<\/div>\n\t\t\t\t\t<\/div>\n\t\t<\/article>\n\t\t\t\t<\/div>\n\t\t\n\t\t\t\t\t\t<\/div>\n\t\t\t\t<\/div>\n\t\t\t\t\t<\/div>\n\t\t<\/div>\n\t\t\t\t\t<\/div>\n\t\t<\/section>\n\t\t\t\t<\/div>","protected":false},"excerpt":{"rendered":"<p>Noticias y actualidad<\/p>","protected":false},"author":1,"featured_media":0,"parent":0,"menu_order":0,"comment_status":"closed","ping_status":"closed","template":"","meta":{"_acf_changed":false,"footnotes":""},"class_list":["post-307","page","type-page","status-publish","hentry"],"acf":[],"yoast_head":"<!-- This site is optimized with the Yoast SEO plugin v27.4 - https:\/\/yoast.com\/product\/yoast-seo-wordpress\/ -->\n<title>Noticias - Finques Nostra Llar<\/title>\n<meta name=\"robots\" content=\"index, follow, max-snippet:-1, max-image-preview:large, max-video-preview:-1\" \/>\n<link rel=\"canonical\" href=\"https:\/\/finques-nostrallar.com\/ca\/noticias\/\" \/>\n<meta property=\"og:locale\" content=\"ca_ES\" \/>\n<meta property=\"og:type\" content=\"article\" \/>\n<meta property=\"og:title\" content=\"Noticias - Finques Nostra Llar\" \/>\n<meta property=\"og:description\" content=\"Noticias y actualidad\" \/>\n<meta property=\"og:url\" content=\"https:\/\/finques-nostrallar.com\/ca\/noticias\/\" \/>\n<meta property=\"og:site_name\" content=\"Finques Nostra Llar\" \/>\n<meta property=\"article:modified_time\" content=\"2022-06-15T09:21:43+00:00\" \/>\n<meta name=\"twitter:card\" content=\"summary_large_image\" \/>\n<script type=\"application\/ld+json\" class=\"yoast-schema-graph\">{\"@context\":\"https:\\\/\\\/schema.org\",\"@graph\":[{\"@type\":\"WebPage\",\"@id\":\"https:\\\/\\\/finques-nostrallar.com\\\/noticias\\\/\",\"url\":\"https:\\\/\\\/finques-nostrallar.com\\\/noticias\\\/\",\"name\":\"Noticias - Finques Nostra Llar\",\"isPartOf\":{\"@id\":\"https:\\\/\\\/finques-nostrallar.com\\\/#website\"},\"datePublished\":\"2022-06-15T09:20:07+00:00\",\"dateModified\":\"2022-06-15T09:21:43+00:00\",\"breadcrumb\":{\"@id\":\"https:\\\/\\\/finques-nostrallar.com\\\/noticias\\\/#breadcrumb\"},\"inLanguage\":\"ca\",\"potentialAction\":[{\"@type\":\"ReadAction\",\"target\":[\"https:\\\/\\\/finques-nostrallar.com\\\/noticias\\\/\"]}]},{\"@type\":\"BreadcrumbList\",\"@id\":\"https:\\\/\\\/finques-nostrallar.com\\\/noticias\\\/#breadcrumb\",\"itemListElement\":[{\"@type\":\"ListItem\",\"position\":1,\"name\":\"Portada\",\"item\":\"https:\\\/\\\/finques-nostrallar.com\\\/\"},{\"@type\":\"ListItem\",\"position\":2,\"name\":\"Noticias\"}]},{\"@type\":\"WebSite\",\"@id\":\"https:\\\/\\\/finques-nostrallar.com\\\/#website\",\"url\":\"https:\\\/\\\/finques-nostrallar.com\\\/\",\"name\":\"Finques Nostra Llar\",\"description\":\"Estrena tu nuevo hogar\",\"publisher\":{\"@id\":\"https:\\\/\\\/finques-nostrallar.com\\\/#organization\"},\"potentialAction\":[{\"@type\":\"SearchAction\",\"target\":{\"@type\":\"EntryPoint\",\"urlTemplate\":\"https:\\\/\\\/finques-nostrallar.com\\\/?s={search_term_string}\"},\"query-input\":{\"@type\":\"PropertyValueSpecification\",\"valueRequired\":true,\"valueName\":\"search_term_string\"}}],\"inLanguage\":\"ca\"},{\"@type\":\"Organization\",\"@id\":\"https:\\\/\\\/finques-nostrallar.com\\\/#organization\",\"name\":\"Finques Nostra Llar\",\"url\":\"https:\\\/\\\/finques-nostrallar.com\\\/\",\"logo\":{\"@type\":\"ImageObject\",\"inLanguage\":\"ca\",\"@id\":\"https:\\\/\\\/finques-nostrallar.com\\\/#\\\/schema\\\/logo\\\/image\\\/\",\"url\":\"https:\\\/\\\/finques-nostrallar.com\\\/wp-content\\\/uploads\\\/2024\\\/11\\\/cropped-new-logo-finques.png\",\"contentUrl\":\"https:\\\/\\\/finques-nostrallar.com\\\/wp-content\\\/uploads\\\/2024\\\/11\\\/cropped-new-logo-finques.png\",\"width\":576,\"height\":110,\"caption\":\"Finques Nostra Llar\"},\"image\":{\"@id\":\"https:\\\/\\\/finques-nostrallar.com\\\/#\\\/schema\\\/logo\\\/image\\\/\"}}]}<\/script>\n<!-- \/ Yoast SEO plugin. -->","yoast_head_json":{"title":"Noticias - Finques Nostra Llar","robots":{"index":"index","follow":"follow","max-snippet":"max-snippet:-1","max-image-preview":"max-image-preview:large","max-video-preview":"max-video-preview:-1"},"canonical":"https:\/\/finques-nostrallar.com\/ca\/noticias\/","og_locale":"ca_ES","og_type":"article","og_title":"Noticias - Finques Nostra Llar","og_description":"Noticias y actualidad","og_url":"https:\/\/finques-nostrallar.com\/ca\/noticias\/","og_site_name":"Finques Nostra Llar","article_modified_time":"2022-06-15T09:21:43+00:00","twitter_card":"summary_large_image","schema":{"@context":"https:\/\/schema.org","@graph":[{"@type":"WebPage","@id":"https:\/\/finques-nostrallar.com\/noticias\/","url":"https:\/\/finques-nostrallar.com\/noticias\/","name":"Noticias - Finques Nostra Llar","isPartOf":{"@id":"https:\/\/finques-nostrallar.com\/#website"},"datePublished":"2022-06-15T09:20:07+00:00","dateModified":"2022-06-15T09:21:43+00:00","breadcrumb":{"@id":"https:\/\/finques-nostrallar.com\/noticias\/#breadcrumb"},"inLanguage":"ca","potentialAction":[{"@type":"ReadAction","target":["https:\/\/finques-nostrallar.com\/noticias\/"]}]},{"@type":"BreadcrumbList","@id":"https:\/\/finques-nostrallar.com\/noticias\/#breadcrumb","itemListElement":[{"@type":"ListItem","position":1,"name":"Portada","item":"https:\/\/finques-nostrallar.com\/"},{"@type":"ListItem","position":2,"name":"Noticias"}]},{"@type":"WebSite","@id":"https:\/\/finques-nostrallar.com\/#website","url":"https:\/\/finques-nostrallar.com\/","name":"Finques Nostra Llar","description":"Estrena la teva nova llar","publisher":{"@id":"https:\/\/finques-nostrallar.com\/#organization"},"potentialAction":[{"@type":"SearchAction","target":{"@type":"EntryPoint","urlTemplate":"https:\/\/finques-nostrallar.com\/?s={search_term_string}"},"query-input":{"@type":"PropertyValueSpecification","valueRequired":true,"valueName":"search_term_string"}}],"inLanguage":"ca"},{"@type":"Organization","@id":"https:\/\/finques-nostrallar.com\/#organization","name":"Finques Nostra Llar","url":"https:\/\/finques-nostrallar.com\/","logo":{"@type":"ImageObject","inLanguage":"ca","@id":"https:\/\/finques-nostrallar.com\/#\/schema\/logo\/image\/","url":"https:\/\/finques-nostrallar.com\/wp-content\/uploads\/2024\/11\/cropped-new-logo-finques.png","contentUrl":"https:\/\/finques-nostrallar.com\/wp-content\/uploads\/2024\/11\/cropped-new-logo-finques.png","width":576,"height":110,"caption":"Finques Nostra Llar"},"image":{"@id":"https:\/\/finques-nostrallar.com\/#\/schema\/logo\/image\/"}}]}},"_links":{"self":[{"href":"https:\/\/finques-nostrallar.com\/ca\/wp-json\/wp\/v2\/pages\/307","targetHints":{"allow":["GET"]}}],"collection":[{"href":"https:\/\/finques-nostrallar.com\/ca\/wp-json\/wp\/v2\/pages"}],"about":[{"href":"https:\/\/finques-nostrallar.com\/ca\/wp-json\/wp\/v2\/types\/page"}],"author":[{"embeddable":true,"href":"https:\/\/finques-nostrallar.com\/ca\/wp-json\/wp\/v2\/users\/1"}],"replies":[{"embeddable":true,"href":"https:\/\/finques-nostrallar.com\/ca\/wp-json\/wp\/v2\/comments?post=307"}],"version-history":[{"count":0,"href":"https:\/\/finques-nostrallar.com\/ca\/wp-json\/wp\/v2\/pages\/307\/revisions"}],"wp:attachment":[{"href":"https:\/\/finques-nostrallar.com\/ca\/wp-json\/wp\/v2\/media?parent=307"}],"curies":[{"name":"wp","href":"https:\/\/api.w.org\/{rel}","templated":true}]}}