{"id":130,"date":"2022-06-15T07:29:52","date_gmt":"2022-06-15T07:29:52","guid":{"rendered":"https:\/\/finques-nostrallar.com\/?page_id=130"},"modified":"2025-01-08T16:46:50","modified_gmt":"2025-01-08T16:46:50","slug":"sobre-nosotros","status":"publish","type":"page","link":"https:\/\/finques-nostrallar.com\/ca\/sobre-nosotros\/","title":{"rendered":"Sobre Nosaltres"},"content":{"rendered":"<div data-elementor-type=\"wp-page\" data-elementor-id=\"130\" class=\"elementor elementor-130\" data-elementor-post-type=\"page\">\n\t\t\t\t\t\t<section class=\"elementor-section elementor-top-section elementor-element elementor-element-a33388d elementor-section-boxed elementor-section-height-default elementor-section-height-default\" data-id=\"a33388d\" data-element_type=\"section\" data-e-type=\"section\" data-settings=\"{&quot;background_background&quot;:&quot;classic&quot;}\">\n\t\t\t\t\t\t<div class=\"elementor-container elementor-column-gap-default\">\n\t\t\t\t\t<div class=\"elementor-column elementor-col-50 elementor-top-column elementor-element elementor-element-b6cb904\" data-id=\"b6cb904\" data-element_type=\"column\" data-e-type=\"column\">\n\t\t\t<div class=\"elementor-widget-wrap elementor-element-populated\">\n\t\t\t\t\t\t<div class=\"elementor-element elementor-element-e74b105 elementor-widget elementor-widget-image\" data-id=\"e74b105\" data-element_type=\"widget\" data-e-type=\"widget\" data-widget_type=\"image.default\">\n\t\t\t\t<div class=\"elementor-widget-container\">\n\t\t\t\t\t\t\t\t\t\t\t\t\t\t\t<img fetchpriority=\"high\" decoding=\"async\" width=\"800\" height=\"534\" src=\"https:\/\/finques-nostrallar.com\/wp-content\/uploads\/2022\/06\/llaves-equipo-1024x684.jpeg\" class=\"attachment-large size-large wp-image-132\" alt=\"\" srcset=\"https:\/\/finques-nostrallar.com\/wp-content\/uploads\/2022\/06\/llaves-equipo-1024x684.jpeg 1024w, https:\/\/finques-nostrallar.com\/wp-content\/uploads\/2022\/06\/llaves-equipo-300x200.jpeg 300w, https:\/\/finques-nostrallar.com\/wp-content\/uploads\/2022\/06\/llaves-equipo-768x513.jpeg 768w, https:\/\/finques-nostrallar.com\/wp-content\/uploads\/2022\/06\/llaves-equipo-1536x1025.jpeg 1536w, https:\/\/finques-nostrallar.com\/wp-content\/uploads\/2022\/06\/llaves-equipo.jpeg 2000w\" sizes=\"(max-width: 800px) 100vw, 800px\" \/>\t\t\t\t\t\t\t\t\t\t\t\t\t\t\t<\/div>\n\t\t\t\t<\/div>\n\t\t\t\t\t<\/div>\n\t\t<\/div>\n\t\t\t\t<div class=\"elementor-column elementor-col-50 elementor-top-column elementor-element elementor-element-62fd0d1\" data-id=\"62fd0d1\" data-element_type=\"column\" data-e-type=\"column\">\n\t\t\t<div class=\"elementor-widget-wrap elementor-element-populated\">\n\t\t\t\t\t\t<div class=\"elementor-element elementor-element-6cc64b5 elementor-widget elementor-widget-image\" data-id=\"6cc64b5\" data-element_type=\"widget\" data-e-type=\"widget\" data-widget_type=\"image.default\">\n\t\t\t\t<div class=\"elementor-widget-container\">\n\t\t\t\t\t\t\t\t\t\t\t\t\t\t\t<img decoding=\"async\" width=\"500\" height=\"500\" src=\"https:\/\/finques-nostrallar.com\/wp-content\/uploads\/ic-home.png\" class=\"attachment-large size-large wp-image-6984\" alt=\"\" srcset=\"https:\/\/finques-nostrallar.com\/wp-content\/uploads\/ic-home.png 500w, https:\/\/finques-nostrallar.com\/wp-content\/uploads\/ic-home-300x300.png 300w, https:\/\/finques-nostrallar.com\/wp-content\/uploads\/ic-home-150x150.png 150w, https:\/\/finques-nostrallar.com\/wp-content\/uploads\/ic-home-12x12.png 12w\" sizes=\"(max-width: 500px) 100vw, 500px\" \/>\t\t\t\t\t\t\t\t\t\t\t\t\t\t\t<\/div>\n\t\t\t\t<\/div>\n\t\t\t\t<div class=\"elementor-element elementor-element-c719859 elementor-widget-divider--view-line elementor-widget elementor-widget-divider\" data-id=\"c719859\" data-element_type=\"widget\" data-e-type=\"widget\" data-widget_type=\"divider.default\">\n\t\t\t\t<div class=\"elementor-widget-container\">\n\t\t\t\t\t\t\t<div class=\"elementor-divider\">\n\t\t\t<span class=\"elementor-divider-separator\">\n\t\t\t\t\t\t<\/span>\n\t\t<\/div>\n\t\t\t\t\t\t<\/div>\n\t\t\t\t<\/div>\n\t\t\t\t<div class=\"elementor-element elementor-element-7dabc0a elementor-widget elementor-widget-text-editor\" data-id=\"7dabc0a\" data-element_type=\"widget\" data-e-type=\"widget\" data-widget_type=\"text-editor.default\">\n\t\t\t\t<div class=\"elementor-widget-container\">\n\t\t\t\t\t\t\t\t\t<p>\u00abMantenemos varios clientes desde los inicios, gracias a la confianza depositados en nosotros y a la buena qu\u00edmica conseguida por ambos.<\/p><p>Desde Nostrallar queremos agradecer a todos nuestros clientes, la confianza, el cari\u00f1o y el buen trato hacia nosotros y a los futuros clientes la bienvenida a nuestra casa.\u00bb<\/p>\t\t\t\t\t\t\t\t<\/div>\n\t\t\t\t<\/div>\n\t\t\t\t\t<\/div>\n\t\t<\/div>\n\t\t\t\t\t<\/div>\n\t\t<\/section>\n\t\t\t\t<section class=\"elementor-section elementor-top-section elementor-element elementor-element-b65ec93 elementor-reverse-mobile elementor-section-boxed elementor-section-height-default elementor-section-height-default\" data-id=\"b65ec93\" data-element_type=\"section\" data-e-type=\"section\">\n\t\t\t\t\t\t<div class=\"elementor-container elementor-column-gap-default\">\n\t\t\t\t\t<div class=\"elementor-column elementor-col-100 elementor-top-column elementor-element elementor-element-be10ca9\" data-id=\"be10ca9\" data-element_type=\"column\" data-e-type=\"column\">\n\t\t\t<div class=\"elementor-widget-wrap elementor-element-populated\">\n\t\t\t\t\t\t<div class=\"elementor-element elementor-element-c9f742c elementor-widget elementor-widget-text-editor\" data-id=\"c9f742c\" data-element_type=\"widget\" data-e-type=\"widget\" data-widget_type=\"text-editor.default\">\n\t\t\t\t<div class=\"elementor-widget-container\">\n\t\t\t\t\t\t\t\t\t<p>Finques Nostrallar es crea el setembre de 2005 arran de la inquietud dels seus dos socis Jose A. S\u00e1nchez i Andr\u00e9s Barenys que a causa de diversos anys treballant al sector, van decidir emprendre aquesta nova experi\u00e8ncia junts.<\/p><p>L\u2019oficina es va obrir a la zona de la conc\u00f2rdia i hi va estar 9 anys fins que l\u2019any 2014 va decidir canviar-ne la ubicaci\u00f3 i implantar-se a la zona de Can Llong.<\/p><p>Aquesta empresa va obrir les portes com a immobili\u00e0ria i com a gestora hipotec\u00e0ria i l\u2019any 2010 va ampliar el negoci i va implantar el departament d\u2019administraci\u00f3 de finques i assegurances sent agents externs de Ferrer &amp; Ojeda.<\/p><p>Des de llavors i fins al dia d\u2019avui estan m\u00e9s especialitzats a l\u2019administraci\u00f3 gestionant una \u00e0mplia cartera de comunitats i de lloguers a m\u00e9s de la gran cartera d\u2019assegurances de tota mena.\nL\u2019equip actualment est\u00e0 format per 7 persones que cadascun gestiona un departament i fins i tot diversos hi col\u00b7laboren.<\/p><p style=\"font-weight: 400;\">N\u00ba AICAT \u00a0<span style=\"color: #754423;\"><strong>4243<\/strong><\/span><\/p><p style=\"font-weight: 400;\">N\u00ba API ASSOCIAT<strong>\u00a0<span style=\"color: #754423;\">12246<\/span><\/strong><\/p>\t\t\t\t\t\t\t\t<\/div>\n\t\t\t\t<\/div>\n\t\t\t\t<div class=\"elementor-element elementor-element-52c51fa elementor-widget elementor-widget-image\" data-id=\"52c51fa\" data-element_type=\"widget\" data-e-type=\"widget\" data-widget_type=\"image.default\">\n\t\t\t\t<div class=\"elementor-widget-container\">\n\t\t\t\t\t\t\t\t\t\t\t\t\t\t\t<img decoding=\"async\" width=\"1100\" height=\"230\" src=\"https:\/\/finques-nostrallar.com\/wp-content\/uploads\/logo-amb-fusta.jpg\" class=\"attachment-full size-full wp-image-7103\" alt=\"\" srcset=\"https:\/\/finques-nostrallar.com\/wp-content\/uploads\/logo-amb-fusta.jpg 1100w, https:\/\/finques-nostrallar.com\/wp-content\/uploads\/logo-amb-fusta-300x63.jpg 300w, https:\/\/finques-nostrallar.com\/wp-content\/uploads\/logo-amb-fusta-1024x214.jpg 1024w, https:\/\/finques-nostrallar.com\/wp-content\/uploads\/logo-amb-fusta-768x161.jpg 768w, https:\/\/finques-nostrallar.com\/wp-content\/uploads\/logo-amb-fusta-18x4.jpg 18w\" sizes=\"(max-width: 1100px) 100vw, 1100px\" \/>\t\t\t\t\t\t\t\t\t\t\t\t\t\t\t<\/div>\n\t\t\t\t<\/div>\n\t\t\t\t\t<\/div>\n\t\t<\/div>\n\t\t\t\t\t<\/div>\n\t\t<\/section>\n\t\t\t\t<section class=\"elementor-section elementor-top-section elementor-element elementor-element-d31cef1 elementor-section-boxed elementor-section-height-default elementor-section-height-default\" data-id=\"d31cef1\" data-element_type=\"section\" data-e-type=\"section\">\n\t\t\t\t\t\t<div class=\"elementor-container elementor-column-gap-default\">\n\t\t\t\t\t<div class=\"elementor-column elementor-col-25 elementor-top-column elementor-element elementor-element-0145d08\" data-id=\"0145d08\" data-element_type=\"column\" data-e-type=\"column\">\n\t\t\t<div class=\"elementor-widget-wrap elementor-element-populated\">\n\t\t\t\t\t\t<div class=\"elementor-element elementor-element-284b899 elementor-widget elementor-widget-counter\" data-id=\"284b899\" data-element_type=\"widget\" data-e-type=\"widget\" data-widget_type=\"counter.default\">\n\t\t\t\t<div class=\"elementor-widget-container\">\n\t\t\t\t\t\t\t<div class=\"elementor-counter\">\n\t\t\t<div class=\"elementor-counter-title\">ANYS D'EXPERI\u00c8NCIA<\/div>\t\t\t<div class=\"elementor-counter-number-wrapper\">\n\t\t\t\t<span class=\"elementor-counter-number-prefix\">+<\/span>\n\t\t\t\t<span class=\"elementor-counter-number\" data-duration=\"2000\" data-to-value=\"20\" data-from-value=\"1\" data-delimiter=\",\">1<\/span>\n\t\t\t\t<span class=\"elementor-counter-number-suffix\"><\/span>\n\t\t\t<\/div>\n\t\t<\/div>\n\t\t\t\t\t\t<\/div>\n\t\t\t\t<\/div>\n\t\t\t\t\t<\/div>\n\t\t<\/div>\n\t\t\t\t<div class=\"elementor-column elementor-col-25 elementor-top-column elementor-element elementor-element-bd6b170\" data-id=\"bd6b170\" data-element_type=\"column\" data-e-type=\"column\">\n\t\t\t<div class=\"elementor-widget-wrap elementor-element-populated\">\n\t\t\t\t\t\t<div class=\"elementor-element elementor-element-b3b3c70 elementor-widget elementor-widget-counter\" data-id=\"b3b3c70\" data-element_type=\"widget\" data-e-type=\"widget\" data-widget_type=\"counter.default\">\n\t\t\t\t<div class=\"elementor-widget-container\">\n\t\t\t\t\t\t\t<div class=\"elementor-counter\">\n\t\t\t<div class=\"elementor-counter-title\">HABITATGES LLOGATS<\/div>\t\t\t<div class=\"elementor-counter-number-wrapper\">\n\t\t\t\t<span class=\"elementor-counter-number-prefix\">+<\/span>\n\t\t\t\t<span class=\"elementor-counter-number\" data-duration=\"2000\" data-to-value=\"1150\" data-from-value=\"1\" data-delimiter=\",\">1<\/span>\n\t\t\t\t<span class=\"elementor-counter-number-suffix\"><\/span>\n\t\t\t<\/div>\n\t\t<\/div>\n\t\t\t\t\t\t<\/div>\n\t\t\t\t<\/div>\n\t\t\t\t\t<\/div>\n\t\t<\/div>\n\t\t\t\t<div class=\"elementor-column elementor-col-25 elementor-top-column elementor-element elementor-element-f54e110\" data-id=\"f54e110\" data-element_type=\"column\" data-e-type=\"column\">\n\t\t\t<div class=\"elementor-widget-wrap elementor-element-populated\">\n\t\t\t\t\t\t<div class=\"elementor-element elementor-element-d9307bd elementor-widget elementor-widget-counter\" data-id=\"d9307bd\" data-element_type=\"widget\" data-e-type=\"widget\" data-widget_type=\"counter.default\">\n\t\t\t\t<div class=\"elementor-widget-container\">\n\t\t\t\t\t\t\t<div class=\"elementor-counter\">\n\t\t\t<div class=\"elementor-counter-title\">HABITATGES VENUTS<\/div>\t\t\t<div class=\"elementor-counter-number-wrapper\">\n\t\t\t\t<span class=\"elementor-counter-number-prefix\">+<\/span>\n\t\t\t\t<span class=\"elementor-counter-number\" data-duration=\"2000\" data-to-value=\"785\" data-from-value=\"1\" data-delimiter=\",\">1<\/span>\n\t\t\t\t<span class=\"elementor-counter-number-suffix\"><\/span>\n\t\t\t<\/div>\n\t\t<\/div>\n\t\t\t\t\t\t<\/div>\n\t\t\t\t<\/div>\n\t\t\t\t\t<\/div>\n\t\t<\/div>\n\t\t\t\t<div class=\"elementor-column elementor-col-25 elementor-top-column elementor-element elementor-element-1e1042c\" data-id=\"1e1042c\" data-element_type=\"column\" data-e-type=\"column\">\n\t\t\t<div class=\"elementor-widget-wrap elementor-element-populated\">\n\t\t\t\t\t\t<div class=\"elementor-element elementor-element-a2f5c03 elementor-widget elementor-widget-counter\" data-id=\"a2f5c03\" data-element_type=\"widget\" data-e-type=\"widget\" data-widget_type=\"counter.default\">\n\t\t\t\t<div class=\"elementor-widget-container\">\n\t\t\t\t\t\t\t<div class=\"elementor-counter\">\n\t\t\t<div class=\"elementor-counter-title\">FINQUES ADMINISTRADES<\/div>\t\t\t<div class=\"elementor-counter-number-wrapper\">\n\t\t\t\t<span class=\"elementor-counter-number-prefix\">+<\/span>\n\t\t\t\t<span class=\"elementor-counter-number\" data-duration=\"2000\" data-to-value=\"320\" data-from-value=\"1\" data-delimiter=\",\">1<\/span>\n\t\t\t\t<span class=\"elementor-counter-number-suffix\"><\/span>\n\t\t\t<\/div>\n\t\t<\/div>\n\t\t\t\t\t\t<\/div>\n\t\t\t\t<\/div>\n\t\t\t\t\t<\/div>\n\t\t<\/div>\n\t\t\t\t\t<\/div>\n\t\t<\/section>\n\t\t\t\t<\/div>","protected":false},"excerpt":{"rendered":"<p>\u00abMantenemos varios clientes desde los inicios, gracias a la confianza depositados en nosotros y a la buena qu\u00edmica conseguida por ambos. Desde Nostrallar queremos agradecer a todos nuestros clientes, la confianza, el cari\u00f1o y el buen trato hacia nosotros y a los futuros clientes la bienvenida a nuestra casa.\u00bb Finques Nostrallar se crea en septiembre [&hellip;]<\/p>\n","protected":false},"author":1,"featured_media":0,"parent":0,"menu_order":0,"comment_status":"closed","ping_status":"closed","template":"","meta":{"_acf_changed":false,"footnotes":""},"class_list":["post-130","page","type-page","status-publish","hentry"],"acf":[],"yoast_head":"<!-- This site is optimized with the Yoast SEO plugin v27.2 - https:\/\/yoast.com\/product\/yoast-seo-wordpress\/ -->\n<title>Sobre Nosotros - Finques Nostra Llar<\/title>\n<meta name=\"robots\" content=\"index, follow, max-snippet:-1, max-image-preview:large, max-video-preview:-1\" \/>\n<link rel=\"canonical\" href=\"https:\/\/finques-nostrallar.com\/ca\/sobre-nosotros\/\" \/>\n<meta property=\"og:locale\" content=\"ca_ES\" \/>\n<meta property=\"og:type\" content=\"article\" \/>\n<meta property=\"og:title\" content=\"Sobre Nosotros - Finques Nostra Llar\" \/>\n<meta property=\"og:description\" content=\"\u00abMantenemos varios clientes desde los inicios, gracias a la confianza depositados en nosotros y a la buena qu\u00edmica conseguida por ambos. Desde Nostrallar queremos agradecer a todos nuestros clientes, la confianza, el cari\u00f1o y el buen trato hacia nosotros y a los futuros clientes la bienvenida a nuestra casa.\u00bb Finques Nostrallar se crea en septiembre [&hellip;]\" \/>\n<meta property=\"og:url\" content=\"https:\/\/finques-nostrallar.com\/ca\/sobre-nosotros\/\" \/>\n<meta property=\"og:site_name\" content=\"Finques Nostra Llar\" \/>\n<meta property=\"article:modified_time\" content=\"2025-01-08T16:46:50+00:00\" \/>\n<meta property=\"og:image\" content=\"https:\/\/finques-nostrallar.com\/wp-content\/uploads\/2022\/06\/llaves-equipo.jpeg\" \/>\n\t<meta property=\"og:image:width\" content=\"2000\" \/>\n\t<meta property=\"og:image:height\" content=\"1335\" \/>\n\t<meta property=\"og:image:type\" content=\"image\/jpeg\" \/>\n<meta name=\"twitter:card\" content=\"summary_large_image\" \/>\n<meta name=\"twitter:label1\" content=\"Temps estimat de lectura\" \/>\n\t<meta name=\"twitter:data1\" content=\"2 minuts\" \/>\n<script type=\"application\/ld+json\" class=\"yoast-schema-graph\">{\"@context\":\"https:\/\/schema.org\",\"@graph\":[{\"@type\":\"WebPage\",\"@id\":\"https:\/\/finques-nostrallar.com\/sobre-nosotros\/\",\"url\":\"https:\/\/finques-nostrallar.com\/sobre-nosotros\/\",\"name\":\"Sobre Nosotros - Finques Nostra Llar\",\"isPartOf\":{\"@id\":\"https:\/\/finques-nostrallar.com\/#website\"},\"primaryImageOfPage\":{\"@id\":\"https:\/\/finques-nostrallar.com\/sobre-nosotros\/#primaryimage\"},\"image\":{\"@id\":\"https:\/\/finques-nostrallar.com\/sobre-nosotros\/#primaryimage\"},\"thumbnailUrl\":\"https:\/\/finques-nostrallar.com\/wp-content\/uploads\/2022\/06\/llaves-equipo-1024x684.jpeg\",\"datePublished\":\"2022-06-15T07:29:52+00:00\",\"dateModified\":\"2025-01-08T16:46:50+00:00\",\"breadcrumb\":{\"@id\":\"https:\/\/finques-nostrallar.com\/sobre-nosotros\/#breadcrumb\"},\"inLanguage\":\"ca\",\"potentialAction\":[{\"@type\":\"ReadAction\",\"target\":[\"https:\/\/finques-nostrallar.com\/sobre-nosotros\/\"]}]},{\"@type\":\"ImageObject\",\"inLanguage\":\"ca\",\"@id\":\"https:\/\/finques-nostrallar.com\/sobre-nosotros\/#primaryimage\",\"url\":\"https:\/\/finques-nostrallar.com\/wp-content\/uploads\/2022\/06\/llaves-equipo-1024x684.jpeg\",\"contentUrl\":\"https:\/\/finques-nostrallar.com\/wp-content\/uploads\/2022\/06\/llaves-equipo-1024x684.jpeg\"},{\"@type\":\"BreadcrumbList\",\"@id\":\"https:\/\/finques-nostrallar.com\/sobre-nosotros\/#breadcrumb\",\"itemListElement\":[{\"@type\":\"ListItem\",\"position\":1,\"name\":\"Portada\",\"item\":\"https:\/\/finques-nostrallar.com\/\"},{\"@type\":\"ListItem\",\"position\":2,\"name\":\"Sobre Nosotros\"}]},{\"@type\":\"WebSite\",\"@id\":\"https:\/\/finques-nostrallar.com\/#website\",\"url\":\"https:\/\/finques-nostrallar.com\/\",\"name\":\"Finques Nostra Llar\",\"description\":\"Estrena tu nuevo hogar\",\"publisher\":{\"@id\":\"https:\/\/finques-nostrallar.com\/#organization\"},\"potentialAction\":[{\"@type\":\"SearchAction\",\"target\":{\"@type\":\"EntryPoint\",\"urlTemplate\":\"https:\/\/finques-nostrallar.com\/?s={search_term_string}\"},\"query-input\":{\"@type\":\"PropertyValueSpecification\",\"valueRequired\":true,\"valueName\":\"search_term_string\"}}],\"inLanguage\":\"ca\"},{\"@type\":\"Organization\",\"@id\":\"https:\/\/finques-nostrallar.com\/#organization\",\"name\":\"Finques Nostra Llar\",\"url\":\"https:\/\/finques-nostrallar.com\/\",\"logo\":{\"@type\":\"ImageObject\",\"inLanguage\":\"ca\",\"@id\":\"https:\/\/finques-nostrallar.com\/#\/schema\/logo\/image\/\",\"url\":\"https:\/\/finques-nostrallar.com\/wp-content\/uploads\/2024\/11\/cropped-new-logo-finques.png\",\"contentUrl\":\"https:\/\/finques-nostrallar.com\/wp-content\/uploads\/2024\/11\/cropped-new-logo-finques.png\",\"width\":576,\"height\":110,\"caption\":\"Finques Nostra Llar\"},\"image\":{\"@id\":\"https:\/\/finques-nostrallar.com\/#\/schema\/logo\/image\/\"}}]}<\/script>\n<!-- \/ Yoast SEO plugin. -->","yoast_head_json":{"title":"Sobre Nosotros - Finques Nostra Llar","robots":{"index":"index","follow":"follow","max-snippet":"max-snippet:-1","max-image-preview":"max-image-preview:large","max-video-preview":"max-video-preview:-1"},"canonical":"https:\/\/finques-nostrallar.com\/ca\/sobre-nosotros\/","og_locale":"ca_ES","og_type":"article","og_title":"Sobre Nosotros - Finques Nostra Llar","og_description":"\u00abMantenemos varios clientes desde los inicios, gracias a la confianza depositados en nosotros y a la buena qu\u00edmica conseguida por ambos. Desde Nostrallar queremos agradecer a todos nuestros clientes, la confianza, el cari\u00f1o y el buen trato hacia nosotros y a los futuros clientes la bienvenida a nuestra casa.\u00bb Finques Nostrallar se crea en septiembre [&hellip;]","og_url":"https:\/\/finques-nostrallar.com\/ca\/sobre-nosotros\/","og_site_name":"Finques Nostra Llar","article_modified_time":"2025-01-08T16:46:50+00:00","og_image":[{"width":2000,"height":1335,"url":"https:\/\/finques-nostrallar.com\/wp-content\/uploads\/2022\/06\/llaves-equipo.jpeg","type":"image\/jpeg"}],"twitter_card":"summary_large_image","twitter_misc":{"Temps estimat de lectura":"2 minuts"},"schema":{"@context":"https:\/\/schema.org","@graph":[{"@type":"WebPage","@id":"https:\/\/finques-nostrallar.com\/sobre-nosotros\/","url":"https:\/\/finques-nostrallar.com\/sobre-nosotros\/","name":"Sobre Nosotros - Finques Nostra Llar","isPartOf":{"@id":"https:\/\/finques-nostrallar.com\/#website"},"primaryImageOfPage":{"@id":"https:\/\/finques-nostrallar.com\/sobre-nosotros\/#primaryimage"},"image":{"@id":"https:\/\/finques-nostrallar.com\/sobre-nosotros\/#primaryimage"},"thumbnailUrl":"https:\/\/finques-nostrallar.com\/wp-content\/uploads\/2022\/06\/llaves-equipo-1024x684.jpeg","datePublished":"2022-06-15T07:29:52+00:00","dateModified":"2025-01-08T16:46:50+00:00","breadcrumb":{"@id":"https:\/\/finques-nostrallar.com\/sobre-nosotros\/#breadcrumb"},"inLanguage":"ca","potentialAction":[{"@type":"ReadAction","target":["https:\/\/finques-nostrallar.com\/sobre-nosotros\/"]}]},{"@type":"ImageObject","inLanguage":"ca","@id":"https:\/\/finques-nostrallar.com\/sobre-nosotros\/#primaryimage","url":"https:\/\/finques-nostrallar.com\/wp-content\/uploads\/2022\/06\/llaves-equipo-1024x684.jpeg","contentUrl":"https:\/\/finques-nostrallar.com\/wp-content\/uploads\/2022\/06\/llaves-equipo-1024x684.jpeg"},{"@type":"BreadcrumbList","@id":"https:\/\/finques-nostrallar.com\/sobre-nosotros\/#breadcrumb","itemListElement":[{"@type":"ListItem","position":1,"name":"Portada","item":"https:\/\/finques-nostrallar.com\/"},{"@type":"ListItem","position":2,"name":"Sobre Nosotros"}]},{"@type":"WebSite","@id":"https:\/\/finques-nostrallar.com\/#website","url":"https:\/\/finques-nostrallar.com\/","name":"Finques Nostra Llar","description":"Estrena la teva nova llar","publisher":{"@id":"https:\/\/finques-nostrallar.com\/#organization"},"potentialAction":[{"@type":"SearchAction","target":{"@type":"EntryPoint","urlTemplate":"https:\/\/finques-nostrallar.com\/?s={search_term_string}"},"query-input":{"@type":"PropertyValueSpecification","valueRequired":true,"valueName":"search_term_string"}}],"inLanguage":"ca"},{"@type":"Organization","@id":"https:\/\/finques-nostrallar.com\/#organization","name":"Finques Nostra Llar","url":"https:\/\/finques-nostrallar.com\/","logo":{"@type":"ImageObject","inLanguage":"ca","@id":"https:\/\/finques-nostrallar.com\/#\/schema\/logo\/image\/","url":"https:\/\/finques-nostrallar.com\/wp-content\/uploads\/2024\/11\/cropped-new-logo-finques.png","contentUrl":"https:\/\/finques-nostrallar.com\/wp-content\/uploads\/2024\/11\/cropped-new-logo-finques.png","width":576,"height":110,"caption":"Finques Nostra Llar"},"image":{"@id":"https:\/\/finques-nostrallar.com\/#\/schema\/logo\/image\/"}}]}},"_links":{"self":[{"href":"https:\/\/finques-nostrallar.com\/ca\/wp-json\/wp\/v2\/pages\/130","targetHints":{"allow":["GET"]}}],"collection":[{"href":"https:\/\/finques-nostrallar.com\/ca\/wp-json\/wp\/v2\/pages"}],"about":[{"href":"https:\/\/finques-nostrallar.com\/ca\/wp-json\/wp\/v2\/types\/page"}],"author":[{"embeddable":true,"href":"https:\/\/finques-nostrallar.com\/ca\/wp-json\/wp\/v2\/users\/1"}],"replies":[{"embeddable":true,"href":"https:\/\/finques-nostrallar.com\/ca\/wp-json\/wp\/v2\/comments?post=130"}],"version-history":[{"count":0,"href":"https:\/\/finques-nostrallar.com\/ca\/wp-json\/wp\/v2\/pages\/130\/revisions"}],"wp:attachment":[{"href":"https:\/\/finques-nostrallar.com\/ca\/wp-json\/wp\/v2\/media?parent=130"}],"curies":[{"name":"wp","href":"https:\/\/api.w.org\/{rel}","templated":true}]}}